{"id":82,"date":"2021-12-15T13:27:47","date_gmt":"2021-12-15T13:27:47","guid":{"rendered":"https:\/\/startersites.io\/blocksy\/garderobe\/?page_id=82"},"modified":"2025-09-30T16:21:17","modified_gmt":"2025-09-30T20:21:17","slug":"cart","status":"publish","type":"page","link":"https:\/\/agbol.com\/store\/cart\/","title":{"rendered":"Cart"},"content":{"rendered":"\n","protected":false},"excerpt":{"rendered":"","protected":false},"author":1,"featured_media":0,"parent":0,"menu_order":0,"comment_status":"closed","ping_status":"closed","template":"","meta":{"footnotes":""},"class_list":["post-82","page","type-page","status-publish","hentry"],"blocksy_meta":{"styles_descriptor":{"styles":{"desktop":"","tablet":"","mobile":""},"google_fonts":[],"version":6}},"yoast_head":"<!-- This site is optimized with the Yoast SEO plugin v26.0 - https:\/\/yoast.com\/wordpress\/plugins\/seo\/ -->\n<title>Cart - INDUSTRIA PUBLICITARIA AGB<\/title>\n<meta name=\"robots\" content=\"index, follow, max-snippet:-1, max-image-preview:large, max-video-preview:-1\" \/>\n<link rel=\"canonical\" href=\"https:\/\/agbol.com\/store\/cart\/\" \/>\n<meta property=\"og:locale\" content=\"es_ES\" \/>\n<meta property=\"og:type\" content=\"article\" \/>\n<meta property=\"og:title\" content=\"Cart - INDUSTRIA PUBLICITARIA AGB\" \/>\n<meta property=\"og:url\" content=\"https:\/\/agbol.com\/store\/cart\/\" \/>\n<meta property=\"og:site_name\" content=\"INDUSTRIA PUBLICITARIA AGB\" \/>\n<meta property=\"article:modified_time\" content=\"2025-09-30T20:21:17+00:00\" \/>\n<meta name=\"twitter:card\" content=\"summary_large_image\" \/>\n<script type=\"application\/ld+json\" class=\"yoast-schema-graph\">{\"@context\":\"https:\/\/schema.org\",\"@graph\":[{\"@type\":\"WebPage\",\"@id\":\"https:\/\/agbol.com\/store\/cart\/\",\"url\":\"https:\/\/agbol.com\/store\/cart\/\",\"name\":\"Cart - INDUSTRIA PUBLICITARIA AGB\",\"isPartOf\":{\"@id\":\"https:\/\/agbol.com\/store\/#website\"},\"datePublished\":\"2021-12-15T13:27:47+00:00\",\"dateModified\":\"2025-09-30T20:21:17+00:00\",\"breadcrumb\":{\"@id\":\"https:\/\/agbol.com\/store\/cart\/#breadcrumb\"},\"inLanguage\":\"es\",\"potentialAction\":[{\"@type\":\"ReadAction\",\"target\":[\"https:\/\/agbol.com\/store\/cart\/\"]}]},{\"@type\":\"BreadcrumbList\",\"@id\":\"https:\/\/agbol.com\/store\/cart\/#breadcrumb\",\"itemListElement\":[{\"@type\":\"ListItem\",\"position\":1,\"name\":\"Portada\",\"item\":\"https:\/\/agbol.com\/store\/\"},{\"@type\":\"ListItem\",\"position\":2,\"name\":\"Cart\"}]},{\"@type\":\"WebSite\",\"@id\":\"https:\/\/agbol.com\/store\/#website\",\"url\":\"https:\/\/agbol.com\/store\/\",\"name\":\"INDUSTRIA PUBLICITARIA AGB\",\"description\":\"La mayor empresa de : Inflables Herm\u00e9ticos \/ Publicitarios, Juegos Inflables \/ Acu\u00e1ticos, Domos Geod\u00e9sicos, Elementos de Bioseguridad, Banderolas, Gigantograf\u00edas \u2022 Estructuras Promocionales  \u00a1Y mucho m\u00e1s! \u00a1Haz que te vean en grande!\",\"publisher\":{\"@id\":\"https:\/\/agbol.com\/store\/#organization\"},\"potentialAction\":[{\"@type\":\"SearchAction\",\"target\":{\"@type\":\"EntryPoint\",\"urlTemplate\":\"https:\/\/agbol.com\/store\/?s={search_term_string}\"},\"query-input\":{\"@type\":\"PropertyValueSpecification\",\"valueRequired\":true,\"valueName\":\"search_term_string\"}}],\"inLanguage\":\"es\"},{\"@type\":\"Organization\",\"@id\":\"https:\/\/agbol.com\/store\/#organization\",\"name\":\"INDUSTRIA PUBLICITARIA AGB\",\"url\":\"https:\/\/agbol.com\/store\/\",\"logo\":{\"@type\":\"ImageObject\",\"inLanguage\":\"es\",\"@id\":\"https:\/\/agbol.com\/store\/#\/schema\/logo\/image\/\",\"url\":\"https:\/\/agbol.com\/store\/wp-content\/uploads\/2025\/10\/logo-agb-con-mas-reborde.png\",\"contentUrl\":\"https:\/\/agbol.com\/store\/wp-content\/uploads\/2025\/10\/logo-agb-con-mas-reborde.png\",\"width\":2055,\"height\":988,\"caption\":\"INDUSTRIA PUBLICITARIA AGB\"},\"image\":{\"@id\":\"https:\/\/agbol.com\/store\/#\/schema\/logo\/image\/\"}}]}<\/script>\n<!-- \/ Yoast SEO plugin. -->","yoast_head_json":{"title":"Cart - INDUSTRIA PUBLICITARIA AGB","robots":{"index":"index","follow":"follow","max-snippet":"max-snippet:-1","max-image-preview":"max-image-preview:large","max-video-preview":"max-video-preview:-1"},"canonical":"https:\/\/agbol.com\/store\/cart\/","og_locale":"es_ES","og_type":"article","og_title":"Cart - INDUSTRIA PUBLICITARIA AGB","og_url":"https:\/\/agbol.com\/store\/cart\/","og_site_name":"INDUSTRIA PUBLICITARIA AGB","article_modified_time":"2025-09-30T20:21:17+00:00","twitter_card":"summary_large_image","schema":{"@context":"https:\/\/schema.org","@graph":[{"@type":"WebPage","@id":"https:\/\/agbol.com\/store\/cart\/","url":"https:\/\/agbol.com\/store\/cart\/","name":"Cart - INDUSTRIA PUBLICITARIA AGB","isPartOf":{"@id":"https:\/\/agbol.com\/store\/#website"},"datePublished":"2021-12-15T13:27:47+00:00","dateModified":"2025-09-30T20:21:17+00:00","breadcrumb":{"@id":"https:\/\/agbol.com\/store\/cart\/#breadcrumb"},"inLanguage":"es","potentialAction":[{"@type":"ReadAction","target":["https:\/\/agbol.com\/store\/cart\/"]}]},{"@type":"BreadcrumbList","@id":"https:\/\/agbol.com\/store\/cart\/#breadcrumb","itemListElement":[{"@type":"ListItem","position":1,"name":"Portada","item":"https:\/\/agbol.com\/store\/"},{"@type":"ListItem","position":2,"name":"Cart"}]},{"@type":"WebSite","@id":"https:\/\/agbol.com\/store\/#website","url":"https:\/\/agbol.com\/store\/","name":"INDUSTRIA PUBLICITARIA AGB","description":"La mayor empresa de : Inflables Herm\u00e9ticos \/ Publicitarios, Juegos Inflables \/ Acu\u00e1ticos, Domos Geod\u00e9sicos, Elementos de Bioseguridad, Banderolas, Gigantograf\u00edas \u2022 Estructuras Promocionales  \u00a1Y mucho m\u00e1s! \u00a1Haz que te vean en grande!","publisher":{"@id":"https:\/\/agbol.com\/store\/#organization"},"potentialAction":[{"@type":"SearchAction","target":{"@type":"EntryPoint","urlTemplate":"https:\/\/agbol.com\/store\/?s={search_term_string}"},"query-input":{"@type":"PropertyValueSpecification","valueRequired":true,"valueName":"search_term_string"}}],"inLanguage":"es"},{"@type":"Organization","@id":"https:\/\/agbol.com\/store\/#organization","name":"INDUSTRIA PUBLICITARIA AGB","url":"https:\/\/agbol.com\/store\/","logo":{"@type":"ImageObject","inLanguage":"es","@id":"https:\/\/agbol.com\/store\/#\/schema\/logo\/image\/","url":"https:\/\/agbol.com\/store\/wp-content\/uploads\/2025\/10\/logo-agb-con-mas-reborde.png","contentUrl":"https:\/\/agbol.com\/store\/wp-content\/uploads\/2025\/10\/logo-agb-con-mas-reborde.png","width":2055,"height":988,"caption":"INDUSTRIA PUBLICITARIA AGB"},"image":{"@id":"https:\/\/agbol.com\/store\/#\/schema\/logo\/image\/"}}]}},"_links":{"self":[{"href":"https:\/\/agbol.com\/store\/wp-json\/wp\/v2\/pages\/82","targetHints":{"allow":["GET"]}}],"collection":[{"href":"https:\/\/agbol.com\/store\/wp-json\/wp\/v2\/pages"}],"about":[{"href":"https:\/\/agbol.com\/store\/wp-json\/wp\/v2\/types\/page"}],"author":[{"embeddable":true,"href":"https:\/\/agbol.com\/store\/wp-json\/wp\/v2\/users\/1"}],"replies":[{"embeddable":true,"href":"https:\/\/agbol.com\/store\/wp-json\/wp\/v2\/comments?post=82"}],"version-history":[{"count":1,"href":"https:\/\/agbol.com\/store\/wp-json\/wp\/v2\/pages\/82\/revisions"}],"predecessor-version":[{"id":976,"href":"https:\/\/agbol.com\/store\/wp-json\/wp\/v2\/pages\/82\/revisions\/976"}],"wp:attachment":[{"href":"https:\/\/agbol.com\/store\/wp-json\/wp\/v2\/media?parent=82"}],"curies":[{"name":"wp","href":"https:\/\/api.w.org\/{rel}","templated":true}]}}