{"id":102,"date":"2021-12-15T14:49:57","date_gmt":"2021-12-15T14:49:57","guid":{"rendered":"https:\/\/startersites.io\/blocksy\/garderobe\/?post_type=product&amp;p=102"},"modified":"2021-12-15T14:49:57","modified_gmt":"2021-12-15T14:49:57","slug":"102","status":"publish","type":"product","link":"https:\/\/agbol.com\/store\/producto\/102\/","title":{"rendered":"Stonewall Sneakers"},"content":{"rendered":"<p>Lorem ipsum dolor sit amet, consectetur adipiscing elit, sed do eiusmod tempor incididunt ut labore et dolore magna aliqua. Quam nulla porttitor massa id. Lacus sed turpis tincidunt id. Lectus nulla at volutpat diam ut venenatis tellus in. Arcu dictum varius duis at consectetur lorem. Ultrices mi tempus imperdiet nulla malesuada pellentesque elit eget gravida. Quis risus sed vulputate odio. Mauris rhoncus aenean vel elit scelerisque mauris. Penatibus et magnis dis parturient montes nascetur ridiculus mus mauris. Vitae purus faucibus ornare suspendisse sed nisi lacus. Pellentesque elit eget gravida cum sociis natoque.<\/p>\n<p>Enim sed faucibus turpis in eu. Viverra suspendisse potenti nullam ac tortor vitae purus faucibus. Lorem ipsum dolor sit amet consectetur adipiscing elit pellentesque. Placerat orci nulla pellentesque dignissim enim sit amet venenatis urna. Pulvinar etiam non quam lacus. Magna etiam tempor orci eu lobortis. Eget nunc scelerisque viverra mauris in aliquam sem fringilla ut. Cursus vitae congue mauris rhoncus aenean.<\/p>\n<p>A condimentum vitae sapien pellentesque habitant morbi tristique senectus. Eget nulla facilisi etiam dignissim diam quis. Et odio pellentesque diam volutpat commodo sed egestas egestas fringilla. Elit ullamcorper dignissim cras tincidunt lobortis feugiat vivamus at augue. Sit amet commodo nulla facilisi nullam vehicula ipsum. Blandit cursus risus at ultrices mi tempus imperdiet.<\/p>\n","protected":false},"excerpt":{"rendered":"<p>Enim sed faucibus turpis in eu. Viverra suspendisse potenti nullam ac tortor vitae purus faucibus. Lorem ipsum dolor sit amet consectetur adipiscing elit pellentesque. Placerat orci nulla pellentesque dignissim enim sit amet venenatis urna. Pulvinar etiam non quam lacus. Magna etiam tempor orci eu lobortis. Eget nunc scelerisque viverra mauris in aliquam sem fringilla ut.<\/p>\n<p>Cursus vitae congue mauris rhoncus aenean. A condimentum vitae sapien pellentesque habitant morbi tristique senectus. Eget nulla facilisi etiam dignissim diam quis.<\/p>\n","protected":false},"featured_media":103,"template":"","meta":[],"product_brand":[],"product_cat":[15],"product_tag":[],"class_list":{"0":"post-102","1":"product","2":"type-product","3":"status-publish","4":"has-post-thumbnail","6":"product_cat-sin-categorizar","8":"first","9":"instock","10":"sale","11":"shipping-taxable","12":"purchasable","13":"product-type-simple"},"yoast_head":"<!-- This site is optimized with the Yoast SEO plugin v26.0 - https:\/\/yoast.com\/wordpress\/plugins\/seo\/ -->\n<title>Stonewall Sneakers - INDUSTRIA PUBLICITARIA AGB<\/title>\n<meta name=\"robots\" content=\"index, follow, max-snippet:-1, max-image-preview:large, max-video-preview:-1\" \/>\n<link rel=\"canonical\" href=\"https:\/\/agbol.com\/store\/producto\/102\/\" \/>\n<meta property=\"og:locale\" content=\"es_ES\" \/>\n<meta property=\"og:type\" content=\"article\" \/>\n<meta property=\"og:title\" content=\"Stonewall Sneakers - INDUSTRIA PUBLICITARIA AGB\" \/>\n<meta property=\"og:description\" content=\"Enim sed faucibus turpis in eu. Viverra suspendisse potenti nullam ac tortor vitae purus faucibus. Lorem ipsum dolor sit amet consectetur adipiscing elit pellentesque. Placerat orci nulla pellentesque dignissim enim sit amet venenatis urna. Pulvinar etiam non quam lacus. Magna etiam tempor orci eu lobortis. Eget nunc scelerisque viverra mauris in aliquam sem fringilla ut. Cursus vitae congue mauris rhoncus aenean. A condimentum vitae sapien pellentesque habitant morbi tristique senectus. Eget nulla facilisi etiam dignissim diam quis.\" \/>\n<meta property=\"og:url\" content=\"https:\/\/agbol.com\/store\/producto\/102\/\" \/>\n<meta property=\"og:site_name\" content=\"INDUSTRIA PUBLICITARIA AGB\" \/>\n<meta name=\"twitter:card\" content=\"summary_large_image\" \/>\n<meta name=\"twitter:label1\" content=\"Tiempo de lectura\" \/>\n\t<meta name=\"twitter:data1\" content=\"1 minuto\" \/>\n<script type=\"application\/ld+json\" class=\"yoast-schema-graph\">{\"@context\":\"https:\/\/schema.org\",\"@graph\":[{\"@type\":\"WebPage\",\"@id\":\"https:\/\/agbol.com\/store\/producto\/102\/\",\"url\":\"https:\/\/agbol.com\/store\/producto\/102\/\",\"name\":\"Stonewall Sneakers - INDUSTRIA PUBLICITARIA AGB\",\"isPartOf\":{\"@id\":\"https:\/\/agbol.com\/store\/#website\"},\"primaryImageOfPage\":{\"@id\":\"https:\/\/agbol.com\/store\/producto\/102\/#primaryimage\"},\"image\":{\"@id\":\"https:\/\/agbol.com\/store\/producto\/102\/#primaryimage\"},\"thumbnailUrl\":\"https:\/\/agbol.com\/store\/wp-content\/uploads\/2021\/12\/shop-item-4_optimized.webp\",\"datePublished\":\"2021-12-15T14:49:57+00:00\",\"breadcrumb\":{\"@id\":\"https:\/\/agbol.com\/store\/producto\/102\/#breadcrumb\"},\"inLanguage\":\"es\",\"potentialAction\":[{\"@type\":\"ReadAction\",\"target\":[\"https:\/\/agbol.com\/store\/producto\/102\/\"]}]},{\"@type\":\"ImageObject\",\"inLanguage\":\"es\",\"@id\":\"https:\/\/agbol.com\/store\/producto\/102\/#primaryimage\",\"url\":\"https:\/\/agbol.com\/store\/wp-content\/uploads\/2021\/12\/shop-item-4_optimized.webp\",\"contentUrl\":\"https:\/\/agbol.com\/store\/wp-content\/uploads\/2021\/12\/shop-item-4_optimized.webp\",\"width\":620,\"height\":720},{\"@type\":\"BreadcrumbList\",\"@id\":\"https:\/\/agbol.com\/store\/producto\/102\/#breadcrumb\",\"itemListElement\":[{\"@type\":\"ListItem\",\"position\":1,\"name\":\"Portada\",\"item\":\"https:\/\/agbol.com\/store\/\"},{\"@type\":\"ListItem\",\"position\":2,\"name\":\"Productos\",\"item\":\"https:\/\/agbol.com\/store\/products\/\"},{\"@type\":\"ListItem\",\"position\":3,\"name\":\"Stonewall Sneakers\"}]},{\"@type\":\"WebSite\",\"@id\":\"https:\/\/agbol.com\/store\/#website\",\"url\":\"https:\/\/agbol.com\/store\/\",\"name\":\"INDUSTRIA PUBLICITARIA AGB\",\"description\":\"La mayor empresa de : Inflables Herm\u00e9ticos \/ Publicitarios, Juegos Inflables \/ Acu\u00e1ticos, Domos Geod\u00e9sicos, Elementos de Bioseguridad, Banderolas, Gigantograf\u00edas \u2022 Estructuras Promocionales  \u00a1Y mucho m\u00e1s! \u00a1Haz que te vean en grande!\",\"publisher\":{\"@id\":\"https:\/\/agbol.com\/store\/#organization\"},\"potentialAction\":[{\"@type\":\"SearchAction\",\"target\":{\"@type\":\"EntryPoint\",\"urlTemplate\":\"https:\/\/agbol.com\/store\/?s={search_term_string}\"},\"query-input\":{\"@type\":\"PropertyValueSpecification\",\"valueRequired\":true,\"valueName\":\"search_term_string\"}}],\"inLanguage\":\"es\"},{\"@type\":\"Organization\",\"@id\":\"https:\/\/agbol.com\/store\/#organization\",\"name\":\"INDUSTRIA PUBLICITARIA AGB\",\"url\":\"https:\/\/agbol.com\/store\/\",\"logo\":{\"@type\":\"ImageObject\",\"inLanguage\":\"es\",\"@id\":\"https:\/\/agbol.com\/store\/#\/schema\/logo\/image\/\",\"url\":\"https:\/\/agbol.com\/store\/wp-content\/uploads\/2025\/10\/logo-agb-con-mas-reborde.png\",\"contentUrl\":\"https:\/\/agbol.com\/store\/wp-content\/uploads\/2025\/10\/logo-agb-con-mas-reborde.png\",\"width\":2055,\"height\":988,\"caption\":\"INDUSTRIA PUBLICITARIA AGB\"},\"image\":{\"@id\":\"https:\/\/agbol.com\/store\/#\/schema\/logo\/image\/\"}}]}<\/script>\n<!-- \/ Yoast SEO plugin. -->","yoast_head_json":{"title":"Stonewall Sneakers - INDUSTRIA PUBLICITARIA AGB","robots":{"index":"index","follow":"follow","max-snippet":"max-snippet:-1","max-image-preview":"max-image-preview:large","max-video-preview":"max-video-preview:-1"},"canonical":"https:\/\/agbol.com\/store\/producto\/102\/","og_locale":"es_ES","og_type":"article","og_title":"Stonewall Sneakers - INDUSTRIA PUBLICITARIA AGB","og_description":"Enim sed faucibus turpis in eu. Viverra suspendisse potenti nullam ac tortor vitae purus faucibus. Lorem ipsum dolor sit amet consectetur adipiscing elit pellentesque. Placerat orci nulla pellentesque dignissim enim sit amet venenatis urna. Pulvinar etiam non quam lacus. Magna etiam tempor orci eu lobortis. Eget nunc scelerisque viverra mauris in aliquam sem fringilla ut. Cursus vitae congue mauris rhoncus aenean. A condimentum vitae sapien pellentesque habitant morbi tristique senectus. Eget nulla facilisi etiam dignissim diam quis.","og_url":"https:\/\/agbol.com\/store\/producto\/102\/","og_site_name":"INDUSTRIA PUBLICITARIA AGB","twitter_card":"summary_large_image","twitter_misc":{"Tiempo de lectura":"1 minuto"},"schema":{"@context":"https:\/\/schema.org","@graph":[{"@type":"WebPage","@id":"https:\/\/agbol.com\/store\/producto\/102\/","url":"https:\/\/agbol.com\/store\/producto\/102\/","name":"Stonewall Sneakers - INDUSTRIA PUBLICITARIA AGB","isPartOf":{"@id":"https:\/\/agbol.com\/store\/#website"},"primaryImageOfPage":{"@id":"https:\/\/agbol.com\/store\/producto\/102\/#primaryimage"},"image":{"@id":"https:\/\/agbol.com\/store\/producto\/102\/#primaryimage"},"thumbnailUrl":"https:\/\/agbol.com\/store\/wp-content\/uploads\/2021\/12\/shop-item-4_optimized.webp","datePublished":"2021-12-15T14:49:57+00:00","breadcrumb":{"@id":"https:\/\/agbol.com\/store\/producto\/102\/#breadcrumb"},"inLanguage":"es","potentialAction":[{"@type":"ReadAction","target":["https:\/\/agbol.com\/store\/producto\/102\/"]}]},{"@type":"ImageObject","inLanguage":"es","@id":"https:\/\/agbol.com\/store\/producto\/102\/#primaryimage","url":"https:\/\/agbol.com\/store\/wp-content\/uploads\/2021\/12\/shop-item-4_optimized.webp","contentUrl":"https:\/\/agbol.com\/store\/wp-content\/uploads\/2021\/12\/shop-item-4_optimized.webp","width":620,"height":720},{"@type":"BreadcrumbList","@id":"https:\/\/agbol.com\/store\/producto\/102\/#breadcrumb","itemListElement":[{"@type":"ListItem","position":1,"name":"Portada","item":"https:\/\/agbol.com\/store\/"},{"@type":"ListItem","position":2,"name":"Productos","item":"https:\/\/agbol.com\/store\/products\/"},{"@type":"ListItem","position":3,"name":"Stonewall Sneakers"}]},{"@type":"WebSite","@id":"https:\/\/agbol.com\/store\/#website","url":"https:\/\/agbol.com\/store\/","name":"INDUSTRIA PUBLICITARIA AGB","description":"La mayor empresa de : Inflables Herm\u00e9ticos \/ Publicitarios, Juegos Inflables \/ Acu\u00e1ticos, Domos Geod\u00e9sicos, Elementos de Bioseguridad, Banderolas, Gigantograf\u00edas \u2022 Estructuras Promocionales  \u00a1Y mucho m\u00e1s! \u00a1Haz que te vean en grande!","publisher":{"@id":"https:\/\/agbol.com\/store\/#organization"},"potentialAction":[{"@type":"SearchAction","target":{"@type":"EntryPoint","urlTemplate":"https:\/\/agbol.com\/store\/?s={search_term_string}"},"query-input":{"@type":"PropertyValueSpecification","valueRequired":true,"valueName":"search_term_string"}}],"inLanguage":"es"},{"@type":"Organization","@id":"https:\/\/agbol.com\/store\/#organization","name":"INDUSTRIA PUBLICITARIA AGB","url":"https:\/\/agbol.com\/store\/","logo":{"@type":"ImageObject","inLanguage":"es","@id":"https:\/\/agbol.com\/store\/#\/schema\/logo\/image\/","url":"https:\/\/agbol.com\/store\/wp-content\/uploads\/2025\/10\/logo-agb-con-mas-reborde.png","contentUrl":"https:\/\/agbol.com\/store\/wp-content\/uploads\/2025\/10\/logo-agb-con-mas-reborde.png","width":2055,"height":988,"caption":"INDUSTRIA PUBLICITARIA AGB"},"image":{"@id":"https:\/\/agbol.com\/store\/#\/schema\/logo\/image\/"}}]}},"_links":{"self":[{"href":"https:\/\/agbol.com\/store\/wp-json\/wp\/v2\/product\/102","targetHints":{"allow":["GET"]}}],"collection":[{"href":"https:\/\/agbol.com\/store\/wp-json\/wp\/v2\/product"}],"about":[{"href":"https:\/\/agbol.com\/store\/wp-json\/wp\/v2\/types\/product"}],"wp:featuredmedia":[{"embeddable":true,"href":"https:\/\/agbol.com\/store\/wp-json\/wp\/v2\/media\/103"}],"wp:attachment":[{"href":"https:\/\/agbol.com\/store\/wp-json\/wp\/v2\/media?parent=102"}],"wp:term":[{"taxonomy":"product_brand","embeddable":true,"href":"https:\/\/agbol.com\/store\/wp-json\/wp\/v2\/product_brand?post=102"},{"taxonomy":"product_cat","embeddable":true,"href":"https:\/\/agbol.com\/store\/wp-json\/wp\/v2\/product_cat?post=102"},{"taxonomy":"product_tag","embeddable":true,"href":"https:\/\/agbol.com\/store\/wp-json\/wp\/v2\/product_tag?post=102"}],"curies":[{"name":"wp","href":"https:\/\/api.w.org\/{rel}","templated":true}]}}