{"id":523,"date":"2021-12-23T22:37:43","date_gmt":"2021-12-23T22:37:43","guid":{"rendered":"https:\/\/startersites.io\/blocksy\/garderobe\/?post_type=product&amp;p=523"},"modified":"2025-06-23T16:25:09","modified_gmt":"2025-06-23T20:25:09","slug":"color-sneakers","status":"publish","type":"product","link":"https:\/\/agbol.com\/store\/producto\/color-sneakers\/","title":{"rendered":"Color Sneakers"},"content":{"rendered":"<p>Lorem ipsum dolor sit amet, consectetur adipiscing elit, sed do eiusmod tempor incididunt ut labore et dolore magna aliqua. Senectus et netus et malesuada fames ac. Ipsum a arcu cursus vitae congue mauris rhoncus. Interdum varius sit amet mattis vulputate enim. Ullamcorper velit sed ullamcorper morbi tincidunt ornare.<\/p>\n<p>Vestibulum morbi blandit cursus risus at ultrices mi tempus imperdiet. Orci porta non pulvinar neque laoreet suspendisse. Turpis cursus in hac habitasse platea dictumst quisque sagittis. Amet mauris commodo quis imperdiet.<\/p>\n<p>Sit amet nisl suscipit adipiscing bibendum est ultricies. Pharetra diam sit amet nisl suscipit adipiscing bibendum est. Interdum posuere lorem ipsum dolor sit amet consectetur adipiscing elit. Commodo viverra maecenas accumsan lacus vel facilisis. Suscipit adipiscing bibendum est ultricies integer quis auctor elit. Adipiscing vitae proin sagittis nisl rhoncus mattis rhoncus urna neque. Lectus urna duis convallis convallis tellus id interdum.<\/p>\n<p>Etiam non quam lacus suspendisse faucibus interdum posuere lorem. Viverra orci sagittis eu volutpat odio facilisis mauris sit. In ante metus dictum at tempor commodo. Gravida arcu ac tortor dignissim convallis aenean et tortor at. Purus ut faucibus pulvinar elementum integer enim neque volutpat ac. Commodo quis imperdiet massa tincidunt nunc pulvinar sapien et. Risus at ultrices mi tempus. Mattis pellentesque id nibh tortor id aliquet. Porttitor rhoncus dolor purus non enim.<\/p>\n","protected":false},"excerpt":{"rendered":"<p>Lorem ipsum dolor sit amet, consectetur adipiscing elit, sed do eiusmod tempor incididunt ut labore et dolore magna aliqua. Senectus et netus et malesuada fames ac. Ipsum a arcu cursus vitae congue mauris rhoncus. Interdum varius sit amet mattis vulputate enim. Ullamcorper velit sed ullamcorper morbi tincidunt ornare.<\/p>\n<p>Vestibulum morbi blandit cursus risus at ultrices mi tempus imperdiet. Orci porta non pulvinar neque laoreet suspendisse. Turpis cursus in hac habitasse platea dictumst quisque sagittis. Amet mauris commodo quis imperdiet.<\/p>\n<p>Facilisi cras fermentum odio eu feugiat pretium. Habitasse platea dictumst vestibulum rhoncus est pellentesque elit. Pretium nibh ipsum consequat nisl vel. Et malesuada fames ac turpis egestas. Nullam ac tortor vitae purus faucibus ornare suspendisse sed nisi. Vestibulum rhoncus est pellentesque elit ullamcorper dignissim.<\/p>\n","protected":false},"featured_media":524,"template":"","meta":[],"product_brand":[],"product_cat":[15],"product_tag":[],"class_list":{"0":"post-523","1":"product","2":"type-product","3":"status-publish","4":"has-post-thumbnail","6":"product_cat-sin-categorizar","8":"first","9":"instock","10":"sale","11":"shipping-taxable","12":"purchasable","13":"product-type-simple"},"yoast_head":"<!-- This site is optimized with the Yoast SEO plugin v26.0 - https:\/\/yoast.com\/wordpress\/plugins\/seo\/ -->\n<title>Color Sneakers - INDUSTRIA PUBLICITARIA AGB<\/title>\n<meta name=\"robots\" content=\"index, follow, max-snippet:-1, max-image-preview:large, max-video-preview:-1\" \/>\n<link rel=\"canonical\" href=\"https:\/\/agbol.com\/store\/producto\/color-sneakers\/\" \/>\n<meta property=\"og:locale\" content=\"es_ES\" \/>\n<meta property=\"og:type\" content=\"article\" \/>\n<meta property=\"og:title\" content=\"Color Sneakers - INDUSTRIA PUBLICITARIA AGB\" \/>\n<meta property=\"og:description\" content=\"Lorem ipsum dolor sit amet, consectetur adipiscing elit, sed do eiusmod tempor incididunt ut labore et dolore magna aliqua. Senectus et netus et malesuada fames ac. Ipsum a arcu cursus vitae congue mauris rhoncus. Interdum varius sit amet mattis vulputate enim. Ullamcorper velit sed ullamcorper morbi tincidunt ornare. Vestibulum morbi blandit cursus risus at ultrices mi tempus imperdiet. Orci porta non pulvinar neque laoreet suspendisse. Turpis cursus in hac habitasse platea dictumst quisque sagittis. Amet mauris commodo quis imperdiet. Facilisi cras fermentum odio eu feugiat pretium. Habitasse platea dictumst vestibulum rhoncus est pellentesque elit. Pretium nibh ipsum consequat nisl vel. Et malesuada fames ac turpis egestas. Nullam ac tortor vitae purus faucibus ornare suspendisse sed nisi. Vestibulum rhoncus est pellentesque elit ullamcorper dignissim.\" \/>\n<meta property=\"og:url\" content=\"https:\/\/agbol.com\/store\/producto\/color-sneakers\/\" \/>\n<meta property=\"og:site_name\" content=\"INDUSTRIA PUBLICITARIA AGB\" \/>\n<meta property=\"article:modified_time\" content=\"2025-06-23T20:25:09+00:00\" \/>\n<meta name=\"twitter:card\" content=\"summary_large_image\" \/>\n<meta name=\"twitter:label1\" content=\"Tiempo de lectura\" \/>\n\t<meta name=\"twitter:data1\" content=\"1 minuto\" \/>\n<script type=\"application\/ld+json\" class=\"yoast-schema-graph\">{\"@context\":\"https:\/\/schema.org\",\"@graph\":[{\"@type\":\"WebPage\",\"@id\":\"https:\/\/agbol.com\/store\/producto\/color-sneakers\/\",\"url\":\"https:\/\/agbol.com\/store\/producto\/color-sneakers\/\",\"name\":\"Color Sneakers - INDUSTRIA PUBLICITARIA AGB\",\"isPartOf\":{\"@id\":\"https:\/\/agbol.com\/store\/#website\"},\"primaryImageOfPage\":{\"@id\":\"https:\/\/agbol.com\/store\/producto\/color-sneakers\/#primaryimage\"},\"image\":{\"@id\":\"https:\/\/agbol.com\/store\/producto\/color-sneakers\/#primaryimage\"},\"thumbnailUrl\":\"https:\/\/agbol.com\/store\/wp-content\/uploads\/2021\/12\/shop-item-8_optimized.webp\",\"datePublished\":\"2021-12-23T22:37:43+00:00\",\"dateModified\":\"2025-06-23T20:25:09+00:00\",\"breadcrumb\":{\"@id\":\"https:\/\/agbol.com\/store\/producto\/color-sneakers\/#breadcrumb\"},\"inLanguage\":\"es\",\"potentialAction\":[{\"@type\":\"ReadAction\",\"target\":[\"https:\/\/agbol.com\/store\/producto\/color-sneakers\/\"]}]},{\"@type\":\"ImageObject\",\"inLanguage\":\"es\",\"@id\":\"https:\/\/agbol.com\/store\/producto\/color-sneakers\/#primaryimage\",\"url\":\"https:\/\/agbol.com\/store\/wp-content\/uploads\/2021\/12\/shop-item-8_optimized.webp\",\"contentUrl\":\"https:\/\/agbol.com\/store\/wp-content\/uploads\/2021\/12\/shop-item-8_optimized.webp\",\"width\":620,\"height\":720},{\"@type\":\"BreadcrumbList\",\"@id\":\"https:\/\/agbol.com\/store\/producto\/color-sneakers\/#breadcrumb\",\"itemListElement\":[{\"@type\":\"ListItem\",\"position\":1,\"name\":\"Portada\",\"item\":\"https:\/\/agbol.com\/store\/\"},{\"@type\":\"ListItem\",\"position\":2,\"name\":\"Productos\",\"item\":\"https:\/\/agbol.com\/store\/products\/\"},{\"@type\":\"ListItem\",\"position\":3,\"name\":\"Color Sneakers\"}]},{\"@type\":\"WebSite\",\"@id\":\"https:\/\/agbol.com\/store\/#website\",\"url\":\"https:\/\/agbol.com\/store\/\",\"name\":\"INDUSTRIA PUBLICITARIA AGB\",\"description\":\"La mayor empresa de : Inflables Herm\u00e9ticos \/ Publicitarios, Juegos Inflables \/ Acu\u00e1ticos, Domos Geod\u00e9sicos, Elementos de Bioseguridad, Banderolas, Gigantograf\u00edas \u2022 Estructuras Promocionales  \u00a1Y mucho m\u00e1s! \u00a1Haz que te vean en grande!\",\"publisher\":{\"@id\":\"https:\/\/agbol.com\/store\/#organization\"},\"potentialAction\":[{\"@type\":\"SearchAction\",\"target\":{\"@type\":\"EntryPoint\",\"urlTemplate\":\"https:\/\/agbol.com\/store\/?s={search_term_string}\"},\"query-input\":{\"@type\":\"PropertyValueSpecification\",\"valueRequired\":true,\"valueName\":\"search_term_string\"}}],\"inLanguage\":\"es\"},{\"@type\":\"Organization\",\"@id\":\"https:\/\/agbol.com\/store\/#organization\",\"name\":\"INDUSTRIA PUBLICITARIA AGB\",\"url\":\"https:\/\/agbol.com\/store\/\",\"logo\":{\"@type\":\"ImageObject\",\"inLanguage\":\"es\",\"@id\":\"https:\/\/agbol.com\/store\/#\/schema\/logo\/image\/\",\"url\":\"https:\/\/agbol.com\/store\/wp-content\/uploads\/2025\/10\/logo-agb-con-mas-reborde.png\",\"contentUrl\":\"https:\/\/agbol.com\/store\/wp-content\/uploads\/2025\/10\/logo-agb-con-mas-reborde.png\",\"width\":2055,\"height\":988,\"caption\":\"INDUSTRIA PUBLICITARIA AGB\"},\"image\":{\"@id\":\"https:\/\/agbol.com\/store\/#\/schema\/logo\/image\/\"}}]}<\/script>\n<!-- \/ Yoast SEO plugin. -->","yoast_head_json":{"title":"Color Sneakers - INDUSTRIA PUBLICITARIA AGB","robots":{"index":"index","follow":"follow","max-snippet":"max-snippet:-1","max-image-preview":"max-image-preview:large","max-video-preview":"max-video-preview:-1"},"canonical":"https:\/\/agbol.com\/store\/producto\/color-sneakers\/","og_locale":"es_ES","og_type":"article","og_title":"Color Sneakers - INDUSTRIA PUBLICITARIA AGB","og_description":"Lorem ipsum dolor sit amet, consectetur adipiscing elit, sed do eiusmod tempor incididunt ut labore et dolore magna aliqua. Senectus et netus et malesuada fames ac. Ipsum a arcu cursus vitae congue mauris rhoncus. Interdum varius sit amet mattis vulputate enim. Ullamcorper velit sed ullamcorper morbi tincidunt ornare. Vestibulum morbi blandit cursus risus at ultrices mi tempus imperdiet. Orci porta non pulvinar neque laoreet suspendisse. Turpis cursus in hac habitasse platea dictumst quisque sagittis. Amet mauris commodo quis imperdiet. Facilisi cras fermentum odio eu feugiat pretium. Habitasse platea dictumst vestibulum rhoncus est pellentesque elit. Pretium nibh ipsum consequat nisl vel. Et malesuada fames ac turpis egestas. Nullam ac tortor vitae purus faucibus ornare suspendisse sed nisi. Vestibulum rhoncus est pellentesque elit ullamcorper dignissim.","og_url":"https:\/\/agbol.com\/store\/producto\/color-sneakers\/","og_site_name":"INDUSTRIA PUBLICITARIA AGB","article_modified_time":"2025-06-23T20:25:09+00:00","twitter_card":"summary_large_image","twitter_misc":{"Tiempo de lectura":"1 minuto"},"schema":{"@context":"https:\/\/schema.org","@graph":[{"@type":"WebPage","@id":"https:\/\/agbol.com\/store\/producto\/color-sneakers\/","url":"https:\/\/agbol.com\/store\/producto\/color-sneakers\/","name":"Color Sneakers - INDUSTRIA PUBLICITARIA AGB","isPartOf":{"@id":"https:\/\/agbol.com\/store\/#website"},"primaryImageOfPage":{"@id":"https:\/\/agbol.com\/store\/producto\/color-sneakers\/#primaryimage"},"image":{"@id":"https:\/\/agbol.com\/store\/producto\/color-sneakers\/#primaryimage"},"thumbnailUrl":"https:\/\/agbol.com\/store\/wp-content\/uploads\/2021\/12\/shop-item-8_optimized.webp","datePublished":"2021-12-23T22:37:43+00:00","dateModified":"2025-06-23T20:25:09+00:00","breadcrumb":{"@id":"https:\/\/agbol.com\/store\/producto\/color-sneakers\/#breadcrumb"},"inLanguage":"es","potentialAction":[{"@type":"ReadAction","target":["https:\/\/agbol.com\/store\/producto\/color-sneakers\/"]}]},{"@type":"ImageObject","inLanguage":"es","@id":"https:\/\/agbol.com\/store\/producto\/color-sneakers\/#primaryimage","url":"https:\/\/agbol.com\/store\/wp-content\/uploads\/2021\/12\/shop-item-8_optimized.webp","contentUrl":"https:\/\/agbol.com\/store\/wp-content\/uploads\/2021\/12\/shop-item-8_optimized.webp","width":620,"height":720},{"@type":"BreadcrumbList","@id":"https:\/\/agbol.com\/store\/producto\/color-sneakers\/#breadcrumb","itemListElement":[{"@type":"ListItem","position":1,"name":"Portada","item":"https:\/\/agbol.com\/store\/"},{"@type":"ListItem","position":2,"name":"Productos","item":"https:\/\/agbol.com\/store\/products\/"},{"@type":"ListItem","position":3,"name":"Color Sneakers"}]},{"@type":"WebSite","@id":"https:\/\/agbol.com\/store\/#website","url":"https:\/\/agbol.com\/store\/","name":"INDUSTRIA PUBLICITARIA AGB","description":"La mayor empresa de : Inflables Herm\u00e9ticos \/ Publicitarios, Juegos Inflables \/ Acu\u00e1ticos, Domos Geod\u00e9sicos, Elementos de Bioseguridad, Banderolas, Gigantograf\u00edas \u2022 Estructuras Promocionales  \u00a1Y mucho m\u00e1s! \u00a1Haz que te vean en grande!","publisher":{"@id":"https:\/\/agbol.com\/store\/#organization"},"potentialAction":[{"@type":"SearchAction","target":{"@type":"EntryPoint","urlTemplate":"https:\/\/agbol.com\/store\/?s={search_term_string}"},"query-input":{"@type":"PropertyValueSpecification","valueRequired":true,"valueName":"search_term_string"}}],"inLanguage":"es"},{"@type":"Organization","@id":"https:\/\/agbol.com\/store\/#organization","name":"INDUSTRIA PUBLICITARIA AGB","url":"https:\/\/agbol.com\/store\/","logo":{"@type":"ImageObject","inLanguage":"es","@id":"https:\/\/agbol.com\/store\/#\/schema\/logo\/image\/","url":"https:\/\/agbol.com\/store\/wp-content\/uploads\/2025\/10\/logo-agb-con-mas-reborde.png","contentUrl":"https:\/\/agbol.com\/store\/wp-content\/uploads\/2025\/10\/logo-agb-con-mas-reborde.png","width":2055,"height":988,"caption":"INDUSTRIA PUBLICITARIA AGB"},"image":{"@id":"https:\/\/agbol.com\/store\/#\/schema\/logo\/image\/"}}]}},"_links":{"self":[{"href":"https:\/\/agbol.com\/store\/wp-json\/wp\/v2\/product\/523","targetHints":{"allow":["GET"]}}],"collection":[{"href":"https:\/\/agbol.com\/store\/wp-json\/wp\/v2\/product"}],"about":[{"href":"https:\/\/agbol.com\/store\/wp-json\/wp\/v2\/types\/product"}],"wp:featuredmedia":[{"embeddable":true,"href":"https:\/\/agbol.com\/store\/wp-json\/wp\/v2\/media\/524"}],"wp:attachment":[{"href":"https:\/\/agbol.com\/store\/wp-json\/wp\/v2\/media?parent=523"}],"wp:term":[{"taxonomy":"product_brand","embeddable":true,"href":"https:\/\/agbol.com\/store\/wp-json\/wp\/v2\/product_brand?post=523"},{"taxonomy":"product_cat","embeddable":true,"href":"https:\/\/agbol.com\/store\/wp-json\/wp\/v2\/product_cat?post=523"},{"taxonomy":"product_tag","embeddable":true,"href":"https:\/\/agbol.com\/store\/wp-json\/wp\/v2\/product_tag?post=523"}],"curies":[{"name":"wp","href":"https:\/\/api.w.org\/{rel}","templated":true}]}}