{"id":527,"date":"2021-12-23T22:41:39","date_gmt":"2021-12-23T22:41:39","guid":{"rendered":"https:\/\/startersites.io\/blocksy\/garderobe\/?post_type=product&amp;p=527"},"modified":"2025-06-23T16:25:09","modified_gmt":"2025-06-23T20:25:09","slug":"black-t-shirt","status":"publish","type":"product","link":"https:\/\/agbol.com\/store\/producto\/black-t-shirt\/","title":{"rendered":"Black T-shirt"},"content":{"rendered":"<p>Eu turpis egestas pretium aenean. Eu sem integer vitae justo. At risus viverra adipiscing at in. Urna nunc id cursus metus aliquam eleifend. Sed nisi lacus sed viverra tellus in hac. Ut tristique et egestas quis ipsum suspendisse. Auctor elit sed vulputate mi sit amet mauris commodo. Sed felis eget velit aliquet sagittis id consectetur purus ut. Imperdiet proin fermentum leo vel. Vestibulum sed arcu non odio.<\/p>\n<p>Ut consequat semper viverra nam libero justo laoreet. Vitae turpis massa sed elementum tempus egestas. Vitae sapien pellentesque habitant morbi tristique. Eu non diam phasellus vestibulum lorem sed risus ultricies tristique. Faucibus interdum posuere lorem ipsum dolor. Id semper risus in hendrerit gravida.<\/p>\n<p>Dui sapien eget mi proin sed libero enim sed. Vitae ultricies leo integer malesuada nunc vel risus. Sit amet venenatis urna cursus eget nunc. Feugiat in ante metus dictum at tempor commodo ullamcorper. Neque volutpat ac tincidunt vitae semper quis.<\/p>\n","protected":false},"excerpt":{"rendered":"<p>Ut consequat semper viverra nam libero justo laoreet. Vitae turpis massa sed elementum tempus egestas. Vitae sapien pellentesque habitant morbi tristique.<\/p>\n<p>Eu non diam phasellus vestibulum lorem sed risus ultricies tristique. Faucibus interdum posuere lorem ipsum dolor. Id semper risus in hendrerit gravida.<\/p>\n<p>Dui sapien eget mi proin sed libero enim sed. Vitae ultricies leo integer malesuada nunc vel risus. Sit amet venenatis urna cursus eget nunc. Feugiat in ante metus dictum at tempor commodo ullamcorper. Neque volutpat ac tincidunt vitae semper quis.<\/p>\n","protected":false},"featured_media":528,"template":"","meta":[],"product_brand":[],"product_cat":[15],"product_tag":[],"class_list":{"0":"post-527","1":"product","2":"type-product","3":"status-publish","4":"has-post-thumbnail","6":"product_cat-sin-categorizar","8":"first","9":"instock","10":"sale","11":"shipping-taxable","12":"purchasable","13":"product-type-simple"},"yoast_head":"<!-- This site is optimized with the Yoast SEO plugin v26.0 - https:\/\/yoast.com\/wordpress\/plugins\/seo\/ -->\n<title>Black T-shirt - INDUSTRIA PUBLICITARIA AGB<\/title>\n<meta name=\"robots\" content=\"index, follow, max-snippet:-1, max-image-preview:large, max-video-preview:-1\" \/>\n<link rel=\"canonical\" href=\"https:\/\/agbol.com\/store\/producto\/black-t-shirt\/\" \/>\n<meta property=\"og:locale\" content=\"es_ES\" \/>\n<meta property=\"og:type\" content=\"article\" \/>\n<meta property=\"og:title\" content=\"Black T-shirt - INDUSTRIA PUBLICITARIA AGB\" \/>\n<meta property=\"og:description\" content=\"Ut consequat semper viverra nam libero justo laoreet. Vitae turpis massa sed elementum tempus egestas. Vitae sapien pellentesque habitant morbi tristique. Eu non diam phasellus vestibulum lorem sed risus ultricies tristique. Faucibus interdum posuere lorem ipsum dolor. Id semper risus in hendrerit gravida. Dui sapien eget mi proin sed libero enim sed. Vitae ultricies leo integer malesuada nunc vel risus. Sit amet venenatis urna cursus eget nunc. Feugiat in ante metus dictum at tempor commodo ullamcorper. Neque volutpat ac tincidunt vitae semper quis.\" \/>\n<meta property=\"og:url\" content=\"https:\/\/agbol.com\/store\/producto\/black-t-shirt\/\" \/>\n<meta property=\"og:site_name\" content=\"INDUSTRIA PUBLICITARIA AGB\" \/>\n<meta property=\"article:modified_time\" content=\"2025-06-23T20:25:09+00:00\" \/>\n<meta name=\"twitter:card\" content=\"summary_large_image\" \/>\n<meta name=\"twitter:label1\" content=\"Tiempo de lectura\" \/>\n\t<meta name=\"twitter:data1\" content=\"1 minuto\" \/>\n<script type=\"application\/ld+json\" class=\"yoast-schema-graph\">{\"@context\":\"https:\/\/schema.org\",\"@graph\":[{\"@type\":\"WebPage\",\"@id\":\"https:\/\/agbol.com\/store\/producto\/black-t-shirt\/\",\"url\":\"https:\/\/agbol.com\/store\/producto\/black-t-shirt\/\",\"name\":\"Black T-shirt - INDUSTRIA PUBLICITARIA AGB\",\"isPartOf\":{\"@id\":\"https:\/\/agbol.com\/store\/#website\"},\"primaryImageOfPage\":{\"@id\":\"https:\/\/agbol.com\/store\/producto\/black-t-shirt\/#primaryimage\"},\"image\":{\"@id\":\"https:\/\/agbol.com\/store\/producto\/black-t-shirt\/#primaryimage\"},\"thumbnailUrl\":\"https:\/\/agbol.com\/store\/wp-content\/uploads\/2021\/12\/shop-item-7_optimized.webp\",\"datePublished\":\"2021-12-23T22:41:39+00:00\",\"dateModified\":\"2025-06-23T20:25:09+00:00\",\"breadcrumb\":{\"@id\":\"https:\/\/agbol.com\/store\/producto\/black-t-shirt\/#breadcrumb\"},\"inLanguage\":\"es\",\"potentialAction\":[{\"@type\":\"ReadAction\",\"target\":[\"https:\/\/agbol.com\/store\/producto\/black-t-shirt\/\"]}]},{\"@type\":\"ImageObject\",\"inLanguage\":\"es\",\"@id\":\"https:\/\/agbol.com\/store\/producto\/black-t-shirt\/#primaryimage\",\"url\":\"https:\/\/agbol.com\/store\/wp-content\/uploads\/2021\/12\/shop-item-7_optimized.webp\",\"contentUrl\":\"https:\/\/agbol.com\/store\/wp-content\/uploads\/2021\/12\/shop-item-7_optimized.webp\",\"width\":620,\"height\":720},{\"@type\":\"BreadcrumbList\",\"@id\":\"https:\/\/agbol.com\/store\/producto\/black-t-shirt\/#breadcrumb\",\"itemListElement\":[{\"@type\":\"ListItem\",\"position\":1,\"name\":\"Portada\",\"item\":\"https:\/\/agbol.com\/store\/\"},{\"@type\":\"ListItem\",\"position\":2,\"name\":\"Productos\",\"item\":\"https:\/\/agbol.com\/store\/products\/\"},{\"@type\":\"ListItem\",\"position\":3,\"name\":\"Black T-shirt\"}]},{\"@type\":\"WebSite\",\"@id\":\"https:\/\/agbol.com\/store\/#website\",\"url\":\"https:\/\/agbol.com\/store\/\",\"name\":\"INDUSTRIA PUBLICITARIA AGB\",\"description\":\"La mayor empresa de : Inflables Herm\u00e9ticos \/ Publicitarios, Juegos Inflables \/ Acu\u00e1ticos, Domos Geod\u00e9sicos, Elementos de Bioseguridad, Banderolas, Gigantograf\u00edas \u2022 Estructuras Promocionales  \u00a1Y mucho m\u00e1s! \u00a1Haz que te vean en grande!\",\"publisher\":{\"@id\":\"https:\/\/agbol.com\/store\/#organization\"},\"potentialAction\":[{\"@type\":\"SearchAction\",\"target\":{\"@type\":\"EntryPoint\",\"urlTemplate\":\"https:\/\/agbol.com\/store\/?s={search_term_string}\"},\"query-input\":{\"@type\":\"PropertyValueSpecification\",\"valueRequired\":true,\"valueName\":\"search_term_string\"}}],\"inLanguage\":\"es\"},{\"@type\":\"Organization\",\"@id\":\"https:\/\/agbol.com\/store\/#organization\",\"name\":\"INDUSTRIA PUBLICITARIA AGB\",\"url\":\"https:\/\/agbol.com\/store\/\",\"logo\":{\"@type\":\"ImageObject\",\"inLanguage\":\"es\",\"@id\":\"https:\/\/agbol.com\/store\/#\/schema\/logo\/image\/\",\"url\":\"https:\/\/agbol.com\/store\/wp-content\/uploads\/2025\/10\/logo-agb-con-mas-reborde.png\",\"contentUrl\":\"https:\/\/agbol.com\/store\/wp-content\/uploads\/2025\/10\/logo-agb-con-mas-reborde.png\",\"width\":2055,\"height\":988,\"caption\":\"INDUSTRIA PUBLICITARIA AGB\"},\"image\":{\"@id\":\"https:\/\/agbol.com\/store\/#\/schema\/logo\/image\/\"}}]}<\/script>\n<!-- \/ Yoast SEO plugin. -->","yoast_head_json":{"title":"Black T-shirt - INDUSTRIA PUBLICITARIA AGB","robots":{"index":"index","follow":"follow","max-snippet":"max-snippet:-1","max-image-preview":"max-image-preview:large","max-video-preview":"max-video-preview:-1"},"canonical":"https:\/\/agbol.com\/store\/producto\/black-t-shirt\/","og_locale":"es_ES","og_type":"article","og_title":"Black T-shirt - INDUSTRIA PUBLICITARIA AGB","og_description":"Ut consequat semper viverra nam libero justo laoreet. Vitae turpis massa sed elementum tempus egestas. Vitae sapien pellentesque habitant morbi tristique. Eu non diam phasellus vestibulum lorem sed risus ultricies tristique. Faucibus interdum posuere lorem ipsum dolor. Id semper risus in hendrerit gravida. Dui sapien eget mi proin sed libero enim sed. Vitae ultricies leo integer malesuada nunc vel risus. Sit amet venenatis urna cursus eget nunc. Feugiat in ante metus dictum at tempor commodo ullamcorper. Neque volutpat ac tincidunt vitae semper quis.","og_url":"https:\/\/agbol.com\/store\/producto\/black-t-shirt\/","og_site_name":"INDUSTRIA PUBLICITARIA AGB","article_modified_time":"2025-06-23T20:25:09+00:00","twitter_card":"summary_large_image","twitter_misc":{"Tiempo de lectura":"1 minuto"},"schema":{"@context":"https:\/\/schema.org","@graph":[{"@type":"WebPage","@id":"https:\/\/agbol.com\/store\/producto\/black-t-shirt\/","url":"https:\/\/agbol.com\/store\/producto\/black-t-shirt\/","name":"Black T-shirt - INDUSTRIA PUBLICITARIA AGB","isPartOf":{"@id":"https:\/\/agbol.com\/store\/#website"},"primaryImageOfPage":{"@id":"https:\/\/agbol.com\/store\/producto\/black-t-shirt\/#primaryimage"},"image":{"@id":"https:\/\/agbol.com\/store\/producto\/black-t-shirt\/#primaryimage"},"thumbnailUrl":"https:\/\/agbol.com\/store\/wp-content\/uploads\/2021\/12\/shop-item-7_optimized.webp","datePublished":"2021-12-23T22:41:39+00:00","dateModified":"2025-06-23T20:25:09+00:00","breadcrumb":{"@id":"https:\/\/agbol.com\/store\/producto\/black-t-shirt\/#breadcrumb"},"inLanguage":"es","potentialAction":[{"@type":"ReadAction","target":["https:\/\/agbol.com\/store\/producto\/black-t-shirt\/"]}]},{"@type":"ImageObject","inLanguage":"es","@id":"https:\/\/agbol.com\/store\/producto\/black-t-shirt\/#primaryimage","url":"https:\/\/agbol.com\/store\/wp-content\/uploads\/2021\/12\/shop-item-7_optimized.webp","contentUrl":"https:\/\/agbol.com\/store\/wp-content\/uploads\/2021\/12\/shop-item-7_optimized.webp","width":620,"height":720},{"@type":"BreadcrumbList","@id":"https:\/\/agbol.com\/store\/producto\/black-t-shirt\/#breadcrumb","itemListElement":[{"@type":"ListItem","position":1,"name":"Portada","item":"https:\/\/agbol.com\/store\/"},{"@type":"ListItem","position":2,"name":"Productos","item":"https:\/\/agbol.com\/store\/products\/"},{"@type":"ListItem","position":3,"name":"Black T-shirt"}]},{"@type":"WebSite","@id":"https:\/\/agbol.com\/store\/#website","url":"https:\/\/agbol.com\/store\/","name":"INDUSTRIA PUBLICITARIA AGB","description":"La mayor empresa de : Inflables Herm\u00e9ticos \/ Publicitarios, Juegos Inflables \/ Acu\u00e1ticos, Domos Geod\u00e9sicos, Elementos de Bioseguridad, Banderolas, Gigantograf\u00edas \u2022 Estructuras Promocionales  \u00a1Y mucho m\u00e1s! \u00a1Haz que te vean en grande!","publisher":{"@id":"https:\/\/agbol.com\/store\/#organization"},"potentialAction":[{"@type":"SearchAction","target":{"@type":"EntryPoint","urlTemplate":"https:\/\/agbol.com\/store\/?s={search_term_string}"},"query-input":{"@type":"PropertyValueSpecification","valueRequired":true,"valueName":"search_term_string"}}],"inLanguage":"es"},{"@type":"Organization","@id":"https:\/\/agbol.com\/store\/#organization","name":"INDUSTRIA PUBLICITARIA AGB","url":"https:\/\/agbol.com\/store\/","logo":{"@type":"ImageObject","inLanguage":"es","@id":"https:\/\/agbol.com\/store\/#\/schema\/logo\/image\/","url":"https:\/\/agbol.com\/store\/wp-content\/uploads\/2025\/10\/logo-agb-con-mas-reborde.png","contentUrl":"https:\/\/agbol.com\/store\/wp-content\/uploads\/2025\/10\/logo-agb-con-mas-reborde.png","width":2055,"height":988,"caption":"INDUSTRIA PUBLICITARIA AGB"},"image":{"@id":"https:\/\/agbol.com\/store\/#\/schema\/logo\/image\/"}}]}},"_links":{"self":[{"href":"https:\/\/agbol.com\/store\/wp-json\/wp\/v2\/product\/527","targetHints":{"allow":["GET"]}}],"collection":[{"href":"https:\/\/agbol.com\/store\/wp-json\/wp\/v2\/product"}],"about":[{"href":"https:\/\/agbol.com\/store\/wp-json\/wp\/v2\/types\/product"}],"wp:featuredmedia":[{"embeddable":true,"href":"https:\/\/agbol.com\/store\/wp-json\/wp\/v2\/media\/528"}],"wp:attachment":[{"href":"https:\/\/agbol.com\/store\/wp-json\/wp\/v2\/media?parent=527"}],"wp:term":[{"taxonomy":"product_brand","embeddable":true,"href":"https:\/\/agbol.com\/store\/wp-json\/wp\/v2\/product_brand?post=527"},{"taxonomy":"product_cat","embeddable":true,"href":"https:\/\/agbol.com\/store\/wp-json\/wp\/v2\/product_cat?post=527"},{"taxonomy":"product_tag","embeddable":true,"href":"https:\/\/agbol.com\/store\/wp-json\/wp\/v2\/product_tag?post=527"}],"curies":[{"name":"wp","href":"https:\/\/api.w.org\/{rel}","templated":true}]}}