{"id":98,"date":"2021-12-15T14:22:12","date_gmt":"2021-12-15T14:22:12","guid":{"rendered":"https:\/\/startersites.io\/blocksy\/garderobe\/?post_type=product&amp;p=98"},"modified":"2021-12-15T14:22:12","modified_gmt":"2021-12-15T14:22:12","slug":"brown-cap","status":"publish","type":"product","link":"https:\/\/agbol.com\/store\/producto\/brown-cap\/","title":{"rendered":"Brown Cap"},"content":{"rendered":"<p>Enim sed faucibus turpis in eu. Viverra suspendisse potenti nullam ac tortor vitae purus faucibus. Lorem ipsum dolor sit amet consectetur adipiscing elit pellentesque. Placerat orci nulla pellentesque dignissim enim sit amet venenatis urna. Pulvinar etiam non quam lacus. Magna etiam tempor orci eu lobortis. Eget nunc scelerisque viverra mauris in aliquam sem fringilla ut.<\/p>\n<p>Cursus vitae congue mauris rhoncus aenean. A condimentum vitae sapien pellentesque habitant morbi tristique senectus. Eget nulla facilisi etiam dignissim diam quis. Et odio pellentesque diam volutpat commodo sed egestas egestas fringilla. Elit ullamcorper dignissim cras tincidunt lobortis feugiat vivamus at augue. Sit amet commodo nulla facilisi nullam vehicula ipsum. Blandit cursus risus at ultrices mi tempus imperdiet.<\/p>\n<p>Aliquam nulla facilisi cras fermentum odio eu feugiat pretium nibh. Eget duis at tellus at urna condimentum mattis pellentesque. Tincidunt vitae semper quis lectus nulla at volutpat. Sollicitudin tempor id eu nisl nunc mi. Enim blandit volutpat maecenas volutpat blandit aliquam. Ut ornare lectus sit amet est placerat in. Fermentum odio eu feugiat pretium nibh ipsum.<\/p>\n<p>Nunc aliquet bibendum enim facilisis gravida neque convallis a cras. Turpis egestas integer eget aliquet nibh praesent tristique magna. Dictum varius duis at consectetur lorem donec massa sapien faucibus. Volutpat est velit egestas dui id ornare arcu odio. Id velit ut tortor pretium viverra suspendisse potenti. Ac orci phasellus egestas tellus rutrum tellus pellentesque. Auctor neque vitae tempus quam.<\/p>\n","protected":false},"excerpt":{"rendered":"<p>Nunc aliquet bibendum enim facilisis gravida neque convallis a cras. Turpis egestas integer eget aliquet nibh praesent tristique magna.<\/p>\n<p>Dictum varius duis at consectetur lorem donec massa sapien faucibus. Volutpat est velit egestas dui id ornare arcu odio. Id velit ut tortor pretium viverra suspendisse potenti.<\/p>\n<p>Ac orci phasellus egestas tellus rutrum tellus pellentesque. Auctor neque vitae tempus quam.<\/p>\n","protected":false},"featured_media":99,"template":"","meta":[],"product_brand":[],"product_cat":[15],"product_tag":[],"class_list":{"0":"post-98","1":"product","2":"type-product","3":"status-publish","4":"has-post-thumbnail","6":"product_cat-sin-categorizar","8":"first","9":"instock","10":"shipping-taxable","11":"purchasable","12":"product-type-simple"},"yoast_head":"<!-- This site is optimized with the Yoast SEO plugin v26.0 - https:\/\/yoast.com\/wordpress\/plugins\/seo\/ -->\n<title>Brown Cap - INDUSTRIA PUBLICITARIA AGB<\/title>\n<meta name=\"robots\" content=\"index, follow, max-snippet:-1, max-image-preview:large, max-video-preview:-1\" \/>\n<link rel=\"canonical\" href=\"https:\/\/agbol.com\/store\/producto\/brown-cap\/\" \/>\n<meta property=\"og:locale\" content=\"es_ES\" \/>\n<meta property=\"og:type\" content=\"article\" \/>\n<meta property=\"og:title\" content=\"Brown Cap - INDUSTRIA PUBLICITARIA AGB\" \/>\n<meta property=\"og:description\" content=\"Nunc aliquet bibendum enim facilisis gravida neque convallis a cras. Turpis egestas integer eget aliquet nibh praesent tristique magna. Dictum varius duis at consectetur lorem donec massa sapien faucibus. Volutpat est velit egestas dui id ornare arcu odio. Id velit ut tortor pretium viverra suspendisse potenti. Ac orci phasellus egestas tellus rutrum tellus pellentesque. Auctor neque vitae tempus quam.\" \/>\n<meta property=\"og:url\" content=\"https:\/\/agbol.com\/store\/producto\/brown-cap\/\" \/>\n<meta property=\"og:site_name\" content=\"INDUSTRIA PUBLICITARIA AGB\" \/>\n<meta name=\"twitter:card\" content=\"summary_large_image\" \/>\n<meta name=\"twitter:label1\" content=\"Tiempo de lectura\" \/>\n\t<meta name=\"twitter:data1\" content=\"1 minuto\" \/>\n<script type=\"application\/ld+json\" class=\"yoast-schema-graph\">{\"@context\":\"https:\/\/schema.org\",\"@graph\":[{\"@type\":\"WebPage\",\"@id\":\"https:\/\/agbol.com\/store\/producto\/brown-cap\/\",\"url\":\"https:\/\/agbol.com\/store\/producto\/brown-cap\/\",\"name\":\"Brown Cap - INDUSTRIA PUBLICITARIA AGB\",\"isPartOf\":{\"@id\":\"https:\/\/agbol.com\/store\/#website\"},\"primaryImageOfPage\":{\"@id\":\"https:\/\/agbol.com\/store\/producto\/brown-cap\/#primaryimage\"},\"image\":{\"@id\":\"https:\/\/agbol.com\/store\/producto\/brown-cap\/#primaryimage\"},\"thumbnailUrl\":\"https:\/\/agbol.com\/store\/wp-content\/uploads\/2021\/12\/shop-item-2_optimized.webp\",\"datePublished\":\"2021-12-15T14:22:12+00:00\",\"breadcrumb\":{\"@id\":\"https:\/\/agbol.com\/store\/producto\/brown-cap\/#breadcrumb\"},\"inLanguage\":\"es\",\"potentialAction\":[{\"@type\":\"ReadAction\",\"target\":[\"https:\/\/agbol.com\/store\/producto\/brown-cap\/\"]}]},{\"@type\":\"ImageObject\",\"inLanguage\":\"es\",\"@id\":\"https:\/\/agbol.com\/store\/producto\/brown-cap\/#primaryimage\",\"url\":\"https:\/\/agbol.com\/store\/wp-content\/uploads\/2021\/12\/shop-item-2_optimized.webp\",\"contentUrl\":\"https:\/\/agbol.com\/store\/wp-content\/uploads\/2021\/12\/shop-item-2_optimized.webp\",\"width\":620,\"height\":720},{\"@type\":\"BreadcrumbList\",\"@id\":\"https:\/\/agbol.com\/store\/producto\/brown-cap\/#breadcrumb\",\"itemListElement\":[{\"@type\":\"ListItem\",\"position\":1,\"name\":\"Portada\",\"item\":\"https:\/\/agbol.com\/store\/\"},{\"@type\":\"ListItem\",\"position\":2,\"name\":\"Productos\",\"item\":\"https:\/\/agbol.com\/store\/products\/\"},{\"@type\":\"ListItem\",\"position\":3,\"name\":\"Brown Cap\"}]},{\"@type\":\"WebSite\",\"@id\":\"https:\/\/agbol.com\/store\/#website\",\"url\":\"https:\/\/agbol.com\/store\/\",\"name\":\"INDUSTRIA PUBLICITARIA AGB\",\"description\":\"La mayor empresa de : Inflables Herm\u00e9ticos \/ Publicitarios, Juegos Inflables \/ Acu\u00e1ticos, Domos Geod\u00e9sicos, Elementos de Bioseguridad, Banderolas, Gigantograf\u00edas \u2022 Estructuras Promocionales  \u00a1Y mucho m\u00e1s! \u00a1Haz que te vean en grande!\",\"publisher\":{\"@id\":\"https:\/\/agbol.com\/store\/#organization\"},\"potentialAction\":[{\"@type\":\"SearchAction\",\"target\":{\"@type\":\"EntryPoint\",\"urlTemplate\":\"https:\/\/agbol.com\/store\/?s={search_term_string}\"},\"query-input\":{\"@type\":\"PropertyValueSpecification\",\"valueRequired\":true,\"valueName\":\"search_term_string\"}}],\"inLanguage\":\"es\"},{\"@type\":\"Organization\",\"@id\":\"https:\/\/agbol.com\/store\/#organization\",\"name\":\"INDUSTRIA PUBLICITARIA AGB\",\"url\":\"https:\/\/agbol.com\/store\/\",\"logo\":{\"@type\":\"ImageObject\",\"inLanguage\":\"es\",\"@id\":\"https:\/\/agbol.com\/store\/#\/schema\/logo\/image\/\",\"url\":\"https:\/\/agbol.com\/store\/wp-content\/uploads\/2025\/10\/logo-agb-con-mas-reborde.png\",\"contentUrl\":\"https:\/\/agbol.com\/store\/wp-content\/uploads\/2025\/10\/logo-agb-con-mas-reborde.png\",\"width\":2055,\"height\":988,\"caption\":\"INDUSTRIA PUBLICITARIA AGB\"},\"image\":{\"@id\":\"https:\/\/agbol.com\/store\/#\/schema\/logo\/image\/\"}}]}<\/script>\n<!-- \/ Yoast SEO plugin. -->","yoast_head_json":{"title":"Brown Cap - INDUSTRIA PUBLICITARIA AGB","robots":{"index":"index","follow":"follow","max-snippet":"max-snippet:-1","max-image-preview":"max-image-preview:large","max-video-preview":"max-video-preview:-1"},"canonical":"https:\/\/agbol.com\/store\/producto\/brown-cap\/","og_locale":"es_ES","og_type":"article","og_title":"Brown Cap - INDUSTRIA PUBLICITARIA AGB","og_description":"Nunc aliquet bibendum enim facilisis gravida neque convallis a cras. Turpis egestas integer eget aliquet nibh praesent tristique magna. Dictum varius duis at consectetur lorem donec massa sapien faucibus. Volutpat est velit egestas dui id ornare arcu odio. Id velit ut tortor pretium viverra suspendisse potenti. Ac orci phasellus egestas tellus rutrum tellus pellentesque. Auctor neque vitae tempus quam.","og_url":"https:\/\/agbol.com\/store\/producto\/brown-cap\/","og_site_name":"INDUSTRIA PUBLICITARIA AGB","twitter_card":"summary_large_image","twitter_misc":{"Tiempo de lectura":"1 minuto"},"schema":{"@context":"https:\/\/schema.org","@graph":[{"@type":"WebPage","@id":"https:\/\/agbol.com\/store\/producto\/brown-cap\/","url":"https:\/\/agbol.com\/store\/producto\/brown-cap\/","name":"Brown Cap - INDUSTRIA PUBLICITARIA AGB","isPartOf":{"@id":"https:\/\/agbol.com\/store\/#website"},"primaryImageOfPage":{"@id":"https:\/\/agbol.com\/store\/producto\/brown-cap\/#primaryimage"},"image":{"@id":"https:\/\/agbol.com\/store\/producto\/brown-cap\/#primaryimage"},"thumbnailUrl":"https:\/\/agbol.com\/store\/wp-content\/uploads\/2021\/12\/shop-item-2_optimized.webp","datePublished":"2021-12-15T14:22:12+00:00","breadcrumb":{"@id":"https:\/\/agbol.com\/store\/producto\/brown-cap\/#breadcrumb"},"inLanguage":"es","potentialAction":[{"@type":"ReadAction","target":["https:\/\/agbol.com\/store\/producto\/brown-cap\/"]}]},{"@type":"ImageObject","inLanguage":"es","@id":"https:\/\/agbol.com\/store\/producto\/brown-cap\/#primaryimage","url":"https:\/\/agbol.com\/store\/wp-content\/uploads\/2021\/12\/shop-item-2_optimized.webp","contentUrl":"https:\/\/agbol.com\/store\/wp-content\/uploads\/2021\/12\/shop-item-2_optimized.webp","width":620,"height":720},{"@type":"BreadcrumbList","@id":"https:\/\/agbol.com\/store\/producto\/brown-cap\/#breadcrumb","itemListElement":[{"@type":"ListItem","position":1,"name":"Portada","item":"https:\/\/agbol.com\/store\/"},{"@type":"ListItem","position":2,"name":"Productos","item":"https:\/\/agbol.com\/store\/products\/"},{"@type":"ListItem","position":3,"name":"Brown Cap"}]},{"@type":"WebSite","@id":"https:\/\/agbol.com\/store\/#website","url":"https:\/\/agbol.com\/store\/","name":"INDUSTRIA PUBLICITARIA AGB","description":"La mayor empresa de : Inflables Herm\u00e9ticos \/ Publicitarios, Juegos Inflables \/ Acu\u00e1ticos, Domos Geod\u00e9sicos, Elementos de Bioseguridad, Banderolas, Gigantograf\u00edas \u2022 Estructuras Promocionales  \u00a1Y mucho m\u00e1s! \u00a1Haz que te vean en grande!","publisher":{"@id":"https:\/\/agbol.com\/store\/#organization"},"potentialAction":[{"@type":"SearchAction","target":{"@type":"EntryPoint","urlTemplate":"https:\/\/agbol.com\/store\/?s={search_term_string}"},"query-input":{"@type":"PropertyValueSpecification","valueRequired":true,"valueName":"search_term_string"}}],"inLanguage":"es"},{"@type":"Organization","@id":"https:\/\/agbol.com\/store\/#organization","name":"INDUSTRIA PUBLICITARIA AGB","url":"https:\/\/agbol.com\/store\/","logo":{"@type":"ImageObject","inLanguage":"es","@id":"https:\/\/agbol.com\/store\/#\/schema\/logo\/image\/","url":"https:\/\/agbol.com\/store\/wp-content\/uploads\/2025\/10\/logo-agb-con-mas-reborde.png","contentUrl":"https:\/\/agbol.com\/store\/wp-content\/uploads\/2025\/10\/logo-agb-con-mas-reborde.png","width":2055,"height":988,"caption":"INDUSTRIA PUBLICITARIA AGB"},"image":{"@id":"https:\/\/agbol.com\/store\/#\/schema\/logo\/image\/"}}]}},"_links":{"self":[{"href":"https:\/\/agbol.com\/store\/wp-json\/wp\/v2\/product\/98","targetHints":{"allow":["GET"]}}],"collection":[{"href":"https:\/\/agbol.com\/store\/wp-json\/wp\/v2\/product"}],"about":[{"href":"https:\/\/agbol.com\/store\/wp-json\/wp\/v2\/types\/product"}],"wp:featuredmedia":[{"embeddable":true,"href":"https:\/\/agbol.com\/store\/wp-json\/wp\/v2\/media\/99"}],"wp:attachment":[{"href":"https:\/\/agbol.com\/store\/wp-json\/wp\/v2\/media?parent=98"}],"wp:term":[{"taxonomy":"product_brand","embeddable":true,"href":"https:\/\/agbol.com\/store\/wp-json\/wp\/v2\/product_brand?post=98"},{"taxonomy":"product_cat","embeddable":true,"href":"https:\/\/agbol.com\/store\/wp-json\/wp\/v2\/product_cat?post=98"},{"taxonomy":"product_tag","embeddable":true,"href":"https:\/\/agbol.com\/store\/wp-json\/wp\/v2\/product_tag?post=98"}],"curies":[{"name":"wp","href":"https:\/\/api.w.org\/{rel}","templated":true}]}}